{"id":27550,"date":"2026-04-22T18:59:16","date_gmt":"2026-04-22T16:59:16","guid":{"rendered":"https:\/\/whysoseriousstore.com\/?post_type=product&#038;p=27550"},"modified":"2026-04-23T08:29:54","modified_gmt":"2026-04-23T06:29:54","slug":"apaszka-tiger-silk-baby-blue","status":"publish","type":"product","link":"https:\/\/whysoseriousstore.com\/eng\/apaszka-tiger-silk-baby-blue\/","title":{"rendered":"Tiger Silk Baby Blue scarf"},"content":{"rendered":"<p><span data-olk-copy-source=\"MessageBody\">Tiger Silk Baby Blue scarf with navy blue print <\/span>It is made from the highest quality 100% silk with a proprietary WHYSOSERIOUS print. The print is a mix of paisley and additional motifs such as tiger and Venus. The silk scarf in the unique baby blue colour is a quality classic that never goes out of fashion, goes with everything and above all makes a <strong>you feel fantastic without any unnecessary effort<\/strong>.<\/p>\n<p>The scarf was made in a local factory in Poland, which has been producing silk accessories for years. The scarf has a finish with a very subtle sheen.<\/p>\n<p>We focus on quality and style, and <span data-olk-copy-source=\"MessageBody\">Tiger Silk Baby Blue scarf <\/span> is proof that it is possible to combine both in one product. The scarf can be styled in a variety of ways - loose on the shoulders, tied around the neck and as a handbag accessory.<strong>.<\/strong> The print detailing emphasises the WHYSOSERIOUS character and casual style of the scarf, making it suitable for any outfit.<br \/>\nJoin the WHYSOSERIOUS team and choose our timeless classics.<\/p>\n<p>You can also find this scarf in navy blue, burgundy and ecru.<\/p>\n<ul>\n<li>composition: 100% silk<\/li>\n<li>made in poland<\/li>\n<li>dimensions 70 cm x 70 cm<\/li>\n<\/ul>\n<p><strong>THE HIGHEST QUALITY, MADE IN POLAND.\u00a0<\/strong><\/p>\n<p><a href=\"https:\/\/whysoseriousstore.com\/eng\/tshirty-damskie\/\">See also our t-shirts!<\/a><br \/>\nVisit us at <a href=\"https:\/\/www.instagram.com\/wss.whysoserious\/\">instagram<\/a> i <a href=\"https:\/\/www.facebook.com\/WSS.whysoserious\">facebook<\/a>.<\/p>","protected":false},"excerpt":{"rendered":"<p>Apaszka Tiger Silk Baby Blue z granatowym nadrukiem wykonana jest z najwy\u017cszej jako\u015bci 100% jedwabiu z autorskim printem WHYSOSERIOUS. Print jest miksem paisley oraz dodatkowych motyw\u00f3w takich jak tygrys czy Venus. Jedwabna apaszka w wyj\u0105tkowym kolorze baby blue to jako\u015bciowy klasyk, kt\u00f3ry nigdy nie wychodzi z mody, pasuje do wszystkiego i przede wszystkim sprawia, \u017ce [&hellip;]<\/p>\n","protected":false},"featured_media":28103,"template":"","meta":[],"product_brand":[],"product_cat":[128,108,127],"product_tag":[],"class_list":{"0":"post-27550","1":"product","2":"type-product","3":"status-publish","4":"has-post-thumbnail","6":"product_cat-dodatki","7":"product_cat-new","8":"product_cat-wszystko","10":"first","11":"outofstock","12":"taxable","13":"shipping-taxable","14":"purchasable","15":"product-type-simple"},"bundled_by":[],"bundle_stock_status":"outofstock","bundle_stock_quantity":0,"bundle_virtual":false,"bundle_layout":"","bundle_add_to_cart_form_location":"","bundle_editable_in_cart":false,"bundle_sold_individually_context":"","bundle_item_grouping":"","bundle_min_size":"","bundle_max_size":"","bundle_price":[],"bundled_items":[],"bundle_sell_ids":[],"yoast_head":"<!-- This site is optimized with the Yoast SEO Premium plugin v20.0 (Yoast SEO v26.5) - https:\/\/yoast.com\/wordpress\/plugins\/seo\/ -->\n<title>Jedwabna apaszka baby blueWHYSOSERIOUS store<\/title>\n<meta name=\"description\" content=\"Jedwabna apaszka Tiger Silk Baby Blue to idealny klasyk o wysokiej jako\u015bci jedwabiu. Wyprodukowana w Polsce. Nadaje charakteru ka\u017cdej stylizacji.\" \/>\n<meta name=\"robots\" content=\"index, follow, max-snippet:-1, max-image-preview:large, max-video-preview:-1\" \/>\n<link rel=\"canonical\" href=\"https:\/\/whysoseriousstore.com\/eng\/apaszka-tiger-silk-baby-blue\/\" \/>\n<meta property=\"og:locale\" content=\"en_GB\" \/>\n<meta property=\"og:type\" content=\"article\" \/>\n<meta property=\"og:title\" content=\"Apaszka Tiger Silk Baby Blue\" \/>\n<meta property=\"og:description\" content=\"Jedwabna apaszka Tiger Silk Baby Blue to idealny klasyk o wysokiej jako\u015bci jedwabiu. Wyprodukowana w Polsce. Nadaje charakteru ka\u017cdej stylizacji.\" \/>\n<meta property=\"og:url\" content=\"https:\/\/whysoseriousstore.com\/eng\/apaszka-tiger-silk-baby-blue\/\" \/>\n<meta property=\"og:site_name\" content=\"WHYSOSERIOUS store\" \/>\n<meta property=\"article:modified_time\" content=\"2026-04-23T06:29:54+00:00\" \/>\n<meta property=\"og:image\" content=\"https:\/\/whysoseriousstore.com\/wp-content\/uploads\/2026\/04\/Apaszka-blekitna-jedwabna-Whysoserious-1.jpg\" \/>\n\t<meta property=\"og:image:width\" content=\"1000\" \/>\n\t<meta property=\"og:image:height\" content=\"1500\" \/>\n\t<meta property=\"og:image:type\" content=\"image\/jpeg\" \/>\n<meta name=\"twitter:card\" content=\"summary_large_image\" \/>\n<meta name=\"twitter:label1\" content=\"Estimated reading time\" \/>\n\t<meta name=\"twitter:data1\" content=\"2 minutes\" \/>\n<script type=\"application\/ld+json\" class=\"yoast-schema-graph\">{\"@context\":\"https:\/\/schema.org\",\"@graph\":[{\"@type\":\"WebPage\",\"@id\":\"https:\/\/whysoseriousstore.com\/apaszka-tiger-silk-baby-blue\/\",\"url\":\"https:\/\/whysoseriousstore.com\/apaszka-tiger-silk-baby-blue\/\",\"name\":\"Jedwabna apaszka baby blueWHYSOSERIOUS store\",\"isPartOf\":{\"@id\":\"https:\/\/whysoseriousstore.com\/#website\"},\"primaryImageOfPage\":{\"@id\":\"https:\/\/whysoseriousstore.com\/apaszka-tiger-silk-baby-blue\/#primaryimage\"},\"image\":{\"@id\":\"https:\/\/whysoseriousstore.com\/apaszka-tiger-silk-baby-blue\/#primaryimage\"},\"thumbnailUrl\":\"https:\/\/whysoseriousstore.com\/wp-content\/uploads\/2026\/04\/Apaszka-blekitna-jedwabna-Whysoserious-1.jpg\",\"datePublished\":\"2026-04-22T16:59:16+00:00\",\"dateModified\":\"2026-04-23T06:29:54+00:00\",\"description\":\"Jedwabna apaszka Tiger Silk Baby Blue to idealny klasyk o wysokiej jako\u015bci jedwabiu. Wyprodukowana w Polsce. Nadaje charakteru ka\u017cdej stylizacji.\",\"breadcrumb\":{\"@id\":\"https:\/\/whysoseriousstore.com\/apaszka-tiger-silk-baby-blue\/#breadcrumb\"},\"inLanguage\":\"en-GB\",\"potentialAction\":[{\"@type\":\"ReadAction\",\"target\":[\"https:\/\/whysoseriousstore.com\/apaszka-tiger-silk-baby-blue\/\"]}]},{\"@type\":\"ImageObject\",\"inLanguage\":\"en-GB\",\"@id\":\"https:\/\/whysoseriousstore.com\/apaszka-tiger-silk-baby-blue\/#primaryimage\",\"url\":\"https:\/\/whysoseriousstore.com\/wp-content\/uploads\/2026\/04\/Apaszka-blekitna-jedwabna-Whysoserious-1.jpg\",\"contentUrl\":\"https:\/\/whysoseriousstore.com\/wp-content\/uploads\/2026\/04\/Apaszka-blekitna-jedwabna-Whysoserious-1.jpg\",\"width\":1000,\"height\":1500},{\"@type\":\"BreadcrumbList\",\"@id\":\"https:\/\/whysoseriousstore.com\/apaszka-tiger-silk-baby-blue\/#breadcrumb\",\"itemListElement\":[{\"@type\":\"ListItem\",\"position\":1,\"name\":\"Strona g\u0142\u00f3wna\",\"item\":\"https:\/\/whysoseriousstore.com\/\"},{\"@type\":\"ListItem\",\"position\":2,\"name\":\"Sklep\",\"item\":\"https:\/\/whysoseriousstore.com\/sklep\/\"},{\"@type\":\"ListItem\",\"position\":3,\"name\":\"Apaszka Tiger Silk Baby Blue\"}]},{\"@type\":\"WebSite\",\"@id\":\"https:\/\/whysoseriousstore.com\/#website\",\"url\":\"https:\/\/whysoseriousstore.com\/\",\"name\":\"WHYSOSERIOUS store\",\"description\":\"\",\"potentialAction\":[{\"@type\":\"SearchAction\",\"target\":{\"@type\":\"EntryPoint\",\"urlTemplate\":\"https:\/\/whysoseriousstore.com\/?s={search_term_string}\"},\"query-input\":{\"@type\":\"PropertyValueSpecification\",\"valueRequired\":true,\"valueName\":\"search_term_string\"}}],\"inLanguage\":\"en-GB\"}]}<\/script>\n<!-- \/ Yoast SEO Premium plugin. -->","yoast_head_json":{"title":"Jedwabna apaszka baby blueWHYSOSERIOUS store","description":"Jedwabna apaszka Tiger Silk Baby Blue to idealny klasyk o wysokiej jako\u015bci jedwabiu. Wyprodukowana w Polsce. Nadaje charakteru ka\u017cdej stylizacji.","robots":{"index":"index","follow":"follow","max-snippet":"max-snippet:-1","max-image-preview":"max-image-preview:large","max-video-preview":"max-video-preview:-1"},"canonical":"https:\/\/whysoseriousstore.com\/eng\/apaszka-tiger-silk-baby-blue\/","og_locale":"en_GB","og_type":"article","og_title":"Apaszka Tiger Silk Baby Blue","og_description":"Jedwabna apaszka Tiger Silk Baby Blue to idealny klasyk o wysokiej jako\u015bci jedwabiu. Wyprodukowana w Polsce. Nadaje charakteru ka\u017cdej stylizacji.","og_url":"https:\/\/whysoseriousstore.com\/eng\/apaszka-tiger-silk-baby-blue\/","og_site_name":"WHYSOSERIOUS store","article_modified_time":"2026-04-23T06:29:54+00:00","og_image":[{"width":1000,"height":1500,"url":"https:\/\/whysoseriousstore.com\/wp-content\/uploads\/2026\/04\/Apaszka-blekitna-jedwabna-Whysoserious-1.jpg","type":"image\/jpeg"}],"twitter_card":"summary_large_image","twitter_misc":{"Estimated reading time":"2 minutes"},"schema":{"@context":"https:\/\/schema.org","@graph":[{"@type":"WebPage","@id":"https:\/\/whysoseriousstore.com\/apaszka-tiger-silk-baby-blue\/","url":"https:\/\/whysoseriousstore.com\/apaszka-tiger-silk-baby-blue\/","name":"Jedwabna apaszka baby blueWHYSOSERIOUS store","isPartOf":{"@id":"https:\/\/whysoseriousstore.com\/#website"},"primaryImageOfPage":{"@id":"https:\/\/whysoseriousstore.com\/apaszka-tiger-silk-baby-blue\/#primaryimage"},"image":{"@id":"https:\/\/whysoseriousstore.com\/apaszka-tiger-silk-baby-blue\/#primaryimage"},"thumbnailUrl":"https:\/\/whysoseriousstore.com\/wp-content\/uploads\/2026\/04\/Apaszka-blekitna-jedwabna-Whysoserious-1.jpg","datePublished":"2026-04-22T16:59:16+00:00","dateModified":"2026-04-23T06:29:54+00:00","description":"Jedwabna apaszka Tiger Silk Baby Blue to idealny klasyk o wysokiej jako\u015bci jedwabiu. Wyprodukowana w Polsce. Nadaje charakteru ka\u017cdej stylizacji.","breadcrumb":{"@id":"https:\/\/whysoseriousstore.com\/apaszka-tiger-silk-baby-blue\/#breadcrumb"},"inLanguage":"en-GB","potentialAction":[{"@type":"ReadAction","target":["https:\/\/whysoseriousstore.com\/apaszka-tiger-silk-baby-blue\/"]}]},{"@type":"ImageObject","inLanguage":"en-GB","@id":"https:\/\/whysoseriousstore.com\/apaszka-tiger-silk-baby-blue\/#primaryimage","url":"https:\/\/whysoseriousstore.com\/wp-content\/uploads\/2026\/04\/Apaszka-blekitna-jedwabna-Whysoserious-1.jpg","contentUrl":"https:\/\/whysoseriousstore.com\/wp-content\/uploads\/2026\/04\/Apaszka-blekitna-jedwabna-Whysoserious-1.jpg","width":1000,"height":1500},{"@type":"BreadcrumbList","@id":"https:\/\/whysoseriousstore.com\/apaszka-tiger-silk-baby-blue\/#breadcrumb","itemListElement":[{"@type":"ListItem","position":1,"name":"Strona g\u0142\u00f3wna","item":"https:\/\/whysoseriousstore.com\/"},{"@type":"ListItem","position":2,"name":"Sklep","item":"https:\/\/whysoseriousstore.com\/sklep\/"},{"@type":"ListItem","position":3,"name":"Apaszka Tiger Silk Baby Blue"}]},{"@type":"WebSite","@id":"https:\/\/whysoseriousstore.com\/#website","url":"https:\/\/whysoseriousstore.com\/","name":"WHYSOSERIOUS store","description":"","potentialAction":[{"@type":"SearchAction","target":{"@type":"EntryPoint","urlTemplate":"https:\/\/whysoseriousstore.com\/?s={search_term_string}"},"query-input":{"@type":"PropertyValueSpecification","valueRequired":true,"valueName":"search_term_string"}}],"inLanguage":"en-GB"}]}},"_links":{"self":[{"href":"https:\/\/whysoseriousstore.com\/eng\/wp-json\/wp\/v2\/product\/27550","targetHints":{"allow":["GET"]}}],"collection":[{"href":"https:\/\/whysoseriousstore.com\/eng\/wp-json\/wp\/v2\/product"}],"about":[{"href":"https:\/\/whysoseriousstore.com\/eng\/wp-json\/wp\/v2\/types\/product"}],"wp:featuredmedia":[{"embeddable":true,"href":"https:\/\/whysoseriousstore.com\/eng\/wp-json\/wp\/v2\/media\/28103"}],"wp:attachment":[{"href":"https:\/\/whysoseriousstore.com\/eng\/wp-json\/wp\/v2\/media?parent=27550"}],"wp:term":[{"taxonomy":"product_brand","embeddable":true,"href":"https:\/\/whysoseriousstore.com\/eng\/wp-json\/wp\/v2\/product_brand?post=27550"},{"taxonomy":"product_cat","embeddable":true,"href":"https:\/\/whysoseriousstore.com\/eng\/wp-json\/wp\/v2\/product_cat?post=27550"},{"taxonomy":"product_tag","embeddable":true,"href":"https:\/\/whysoseriousstore.com\/eng\/wp-json\/wp\/v2\/product_tag?post=27550"}],"curies":[{"name":"wp","href":"https:\/\/api.w.org\/{rel}","templated":true}]}}