{"id":27942,"date":"2026-04-22T18:59:16","date_gmt":"2026-04-22T16:59:16","guid":{"rendered":"https:\/\/whysoseriousstore.com\/?post_type=product&#038;p=27942"},"modified":"2026-04-22T18:59:16","modified_gmt":"2026-04-22T16:59:16","slug":"skarpety-running-late-club","status":"publish","type":"product","link":"https:\/\/whysoseriousstore.com\/eng\/skarpety-running-late-club\/","title":{"rendered":"Running Late Club Socks"},"content":{"rendered":"<p data-start=\"197\" data-end=\"503\"><strong>Running Late Club Socks\u00a0<\/strong><strong> in white <\/strong>is a nod to days spent in good company and in clothes that simply feel good to wear. Made in Poland with attention to detail, they combine comfort, style and quality you can trust.<\/p>\n<p data-start=\"505\" data-end=\"745\">The white shade of the socks contrasts with the brown Running Late Club lettering. Perfect for summer days, but also great with urban styling. These are socks that add character to any look - from classic jeans to your favourite tracksuit bottoms.<\/p>\n<p data-start=\"912\" data-end=\"1062\">Soft, flexible, tactile and durable - these are socks that will stay with you for a long time. Perfect for both sneakers and your favourite birkenstocks.<\/p>\n<p><strong>It's the cool accessory your summer looks have been missing.<\/strong><\/p>\n<p>The socks are UNISEX and come in 2 sizes:<br \/>\n35-38<br \/>\n39-42<\/p>\n<p>Composition: 80% Cotton 15% Polyamide 5% Elastane<br \/>\nManufactured in Poland.<\/p>\n<p>&nbsp;<\/p>","protected":false},"excerpt":{"rendered":"<p>Skarpety Skarpety Running Late Club\u00a0 w kolorze bia\u0142ym to uk\u0142on w stron\u0119 dni sp\u0119dzanych w dobrym towarzystwie i w ubraniach, kt\u00f3re po prostu dobrze si\u0119 nosi. Wykonane w Polsce, z dba\u0142o\u015bci\u0105 o ka\u017cdy detal, \u0142\u0105cz\u0105 wygod\u0119, styl i jako\u015b\u0107, kt\u00f3rej mo\u017cna zaufa\u0107. Bia\u0142y odcie\u0144 skarpetek kontrastuje z br\u0105zowym napisem Running Late Club. Idealne na letnie [&hellip;]<\/p>\n","protected":false},"featured_media":28108,"template":"","meta":[],"product_brand":[],"product_cat":[128,108,127],"product_tag":[],"class_list":{"0":"post-27942","1":"product","2":"type-product","3":"status-publish","4":"has-post-thumbnail","6":"product_cat-dodatki","7":"product_cat-new","8":"product_cat-wszystko","10":"first","11":"instock","12":"taxable","13":"shipping-taxable","14":"purchasable","15":"product-type-variable","16":"has-default-attributes"},"bundled_by":[],"bundle_stock_status":"instock","bundle_stock_quantity":null,"bundle_virtual":false,"bundle_layout":"","bundle_add_to_cart_form_location":"","bundle_editable_in_cart":false,"bundle_sold_individually_context":"","bundle_item_grouping":"","bundle_min_size":"","bundle_max_size":"","bundle_price":[],"bundled_items":[],"bundle_sell_ids":[],"yoast_head":"<!-- This site is optimized with the Yoast SEO Premium plugin v20.0 (Yoast SEO v26.5) - https:\/\/yoast.com\/wordpress\/plugins\/seo\/ -->\n<title>Skarpety Running Late Club - WHYSOSERIOUS store<\/title>\n<meta name=\"description\" content=\"Skarpety Running Late Club - idealne po\u0142\u0105czenie luzu, stylu i najwy\u017cszej jako\u015bci. Wykonane w Polsce, z trosk\u0105 o ka\u017cdy detal.\" \/>\n<meta name=\"robots\" content=\"index, follow, max-snippet:-1, max-image-preview:large, max-video-preview:-1\" \/>\n<link rel=\"canonical\" href=\"https:\/\/whysoseriousstore.com\/eng\/skarpety-running-late-club\/\" \/>\n<meta property=\"og:locale\" content=\"en_GB\" \/>\n<meta property=\"og:type\" content=\"article\" \/>\n<meta property=\"og:title\" content=\"Skarpety Running Late Club\" \/>\n<meta property=\"og:description\" content=\"Skarpety Running Late Club - idealne po\u0142\u0105czenie luzu, stylu i najwy\u017cszej jako\u015bci. Wykonane w Polsce, z trosk\u0105 o ka\u017cdy detal.\" \/>\n<meta property=\"og:url\" content=\"https:\/\/whysoseriousstore.com\/eng\/skarpety-running-late-club\/\" \/>\n<meta property=\"og:site_name\" content=\"WHYSOSERIOUS store\" \/>\n<meta property=\"og:image\" content=\"https:\/\/whysoseriousstore.com\/wp-content\/uploads\/2026\/04\/Skarpety-Running-Biale-Whysoserious-1.jpg\" \/>\n\t<meta property=\"og:image:width\" content=\"1000\" \/>\n\t<meta property=\"og:image:height\" content=\"1500\" \/>\n\t<meta property=\"og:image:type\" content=\"image\/jpeg\" \/>\n<meta name=\"twitter:card\" content=\"summary_large_image\" \/>\n<meta name=\"twitter:label1\" content=\"Estimated reading time\" \/>\n\t<meta name=\"twitter:data1\" content=\"1 minute\" \/>\n<script type=\"application\/ld+json\" class=\"yoast-schema-graph\">{\"@context\":\"https:\/\/schema.org\",\"@graph\":[{\"@type\":\"WebPage\",\"@id\":\"https:\/\/whysoseriousstore.com\/skarpety-running-late-club\/\",\"url\":\"https:\/\/whysoseriousstore.com\/skarpety-running-late-club\/\",\"name\":\"Skarpety Running Late Club - WHYSOSERIOUS store\",\"isPartOf\":{\"@id\":\"https:\/\/whysoseriousstore.com\/#website\"},\"primaryImageOfPage\":{\"@id\":\"https:\/\/whysoseriousstore.com\/skarpety-running-late-club\/#primaryimage\"},\"image\":{\"@id\":\"https:\/\/whysoseriousstore.com\/skarpety-running-late-club\/#primaryimage\"},\"thumbnailUrl\":\"https:\/\/whysoseriousstore.com\/wp-content\/uploads\/2026\/04\/Skarpety-Running-Biale-Whysoserious-1.jpg\",\"datePublished\":\"2026-04-22T16:59:16+00:00\",\"description\":\"Skarpety Running Late Club - idealne po\u0142\u0105czenie luzu, stylu i najwy\u017cszej jako\u015bci. Wykonane w Polsce, z trosk\u0105 o ka\u017cdy detal.\",\"breadcrumb\":{\"@id\":\"https:\/\/whysoseriousstore.com\/skarpety-running-late-club\/#breadcrumb\"},\"inLanguage\":\"en-GB\",\"potentialAction\":[{\"@type\":\"ReadAction\",\"target\":[\"https:\/\/whysoseriousstore.com\/skarpety-running-late-club\/\"]}]},{\"@type\":\"ImageObject\",\"inLanguage\":\"en-GB\",\"@id\":\"https:\/\/whysoseriousstore.com\/skarpety-running-late-club\/#primaryimage\",\"url\":\"https:\/\/whysoseriousstore.com\/wp-content\/uploads\/2026\/04\/Skarpety-Running-Biale-Whysoserious-1.jpg\",\"contentUrl\":\"https:\/\/whysoseriousstore.com\/wp-content\/uploads\/2026\/04\/Skarpety-Running-Biale-Whysoserious-1.jpg\",\"width\":1000,\"height\":1500},{\"@type\":\"BreadcrumbList\",\"@id\":\"https:\/\/whysoseriousstore.com\/skarpety-running-late-club\/#breadcrumb\",\"itemListElement\":[{\"@type\":\"ListItem\",\"position\":1,\"name\":\"Strona g\u0142\u00f3wna\",\"item\":\"https:\/\/whysoseriousstore.com\/\"},{\"@type\":\"ListItem\",\"position\":2,\"name\":\"Sklep\",\"item\":\"https:\/\/whysoseriousstore.com\/sklep\/\"},{\"@type\":\"ListItem\",\"position\":3,\"name\":\"Skarpety Running Late Club\"}]},{\"@type\":\"WebSite\",\"@id\":\"https:\/\/whysoseriousstore.com\/#website\",\"url\":\"https:\/\/whysoseriousstore.com\/\",\"name\":\"WHYSOSERIOUS store\",\"description\":\"\",\"potentialAction\":[{\"@type\":\"SearchAction\",\"target\":{\"@type\":\"EntryPoint\",\"urlTemplate\":\"https:\/\/whysoseriousstore.com\/?s={search_term_string}\"},\"query-input\":{\"@type\":\"PropertyValueSpecification\",\"valueRequired\":true,\"valueName\":\"search_term_string\"}}],\"inLanguage\":\"en-GB\"}]}<\/script>\n<!-- \/ Yoast SEO Premium plugin. -->","yoast_head_json":{"title":"Skarpety Running Late Club - WHYSOSERIOUS store","description":"Skarpety Running Late Club - idealne po\u0142\u0105czenie luzu, stylu i najwy\u017cszej jako\u015bci. Wykonane w Polsce, z trosk\u0105 o ka\u017cdy detal.","robots":{"index":"index","follow":"follow","max-snippet":"max-snippet:-1","max-image-preview":"max-image-preview:large","max-video-preview":"max-video-preview:-1"},"canonical":"https:\/\/whysoseriousstore.com\/eng\/skarpety-running-late-club\/","og_locale":"en_GB","og_type":"article","og_title":"Skarpety Running Late Club","og_description":"Skarpety Running Late Club - idealne po\u0142\u0105czenie luzu, stylu i najwy\u017cszej jako\u015bci. Wykonane w Polsce, z trosk\u0105 o ka\u017cdy detal.","og_url":"https:\/\/whysoseriousstore.com\/eng\/skarpety-running-late-club\/","og_site_name":"WHYSOSERIOUS store","og_image":[{"width":1000,"height":1500,"url":"https:\/\/whysoseriousstore.com\/wp-content\/uploads\/2026\/04\/Skarpety-Running-Biale-Whysoserious-1.jpg","type":"image\/jpeg"}],"twitter_card":"summary_large_image","twitter_misc":{"Estimated reading time":"1 minute"},"schema":{"@context":"https:\/\/schema.org","@graph":[{"@type":"WebPage","@id":"https:\/\/whysoseriousstore.com\/skarpety-running-late-club\/","url":"https:\/\/whysoseriousstore.com\/skarpety-running-late-club\/","name":"Skarpety Running Late Club - WHYSOSERIOUS store","isPartOf":{"@id":"https:\/\/whysoseriousstore.com\/#website"},"primaryImageOfPage":{"@id":"https:\/\/whysoseriousstore.com\/skarpety-running-late-club\/#primaryimage"},"image":{"@id":"https:\/\/whysoseriousstore.com\/skarpety-running-late-club\/#primaryimage"},"thumbnailUrl":"https:\/\/whysoseriousstore.com\/wp-content\/uploads\/2026\/04\/Skarpety-Running-Biale-Whysoserious-1.jpg","datePublished":"2026-04-22T16:59:16+00:00","description":"Skarpety Running Late Club - idealne po\u0142\u0105czenie luzu, stylu i najwy\u017cszej jako\u015bci. Wykonane w Polsce, z trosk\u0105 o ka\u017cdy detal.","breadcrumb":{"@id":"https:\/\/whysoseriousstore.com\/skarpety-running-late-club\/#breadcrumb"},"inLanguage":"en-GB","potentialAction":[{"@type":"ReadAction","target":["https:\/\/whysoseriousstore.com\/skarpety-running-late-club\/"]}]},{"@type":"ImageObject","inLanguage":"en-GB","@id":"https:\/\/whysoseriousstore.com\/skarpety-running-late-club\/#primaryimage","url":"https:\/\/whysoseriousstore.com\/wp-content\/uploads\/2026\/04\/Skarpety-Running-Biale-Whysoserious-1.jpg","contentUrl":"https:\/\/whysoseriousstore.com\/wp-content\/uploads\/2026\/04\/Skarpety-Running-Biale-Whysoserious-1.jpg","width":1000,"height":1500},{"@type":"BreadcrumbList","@id":"https:\/\/whysoseriousstore.com\/skarpety-running-late-club\/#breadcrumb","itemListElement":[{"@type":"ListItem","position":1,"name":"Strona g\u0142\u00f3wna","item":"https:\/\/whysoseriousstore.com\/"},{"@type":"ListItem","position":2,"name":"Sklep","item":"https:\/\/whysoseriousstore.com\/sklep\/"},{"@type":"ListItem","position":3,"name":"Skarpety Running Late Club"}]},{"@type":"WebSite","@id":"https:\/\/whysoseriousstore.com\/#website","url":"https:\/\/whysoseriousstore.com\/","name":"WHYSOSERIOUS store","description":"","potentialAction":[{"@type":"SearchAction","target":{"@type":"EntryPoint","urlTemplate":"https:\/\/whysoseriousstore.com\/?s={search_term_string}"},"query-input":{"@type":"PropertyValueSpecification","valueRequired":true,"valueName":"search_term_string"}}],"inLanguage":"en-GB"}]}},"_links":{"self":[{"href":"https:\/\/whysoseriousstore.com\/eng\/wp-json\/wp\/v2\/product\/27942","targetHints":{"allow":["GET"]}}],"collection":[{"href":"https:\/\/whysoseriousstore.com\/eng\/wp-json\/wp\/v2\/product"}],"about":[{"href":"https:\/\/whysoseriousstore.com\/eng\/wp-json\/wp\/v2\/types\/product"}],"wp:featuredmedia":[{"embeddable":true,"href":"https:\/\/whysoseriousstore.com\/eng\/wp-json\/wp\/v2\/media\/28108"}],"wp:attachment":[{"href":"https:\/\/whysoseriousstore.com\/eng\/wp-json\/wp\/v2\/media?parent=27942"}],"wp:term":[{"taxonomy":"product_brand","embeddable":true,"href":"https:\/\/whysoseriousstore.com\/eng\/wp-json\/wp\/v2\/product_brand?post=27942"},{"taxonomy":"product_cat","embeddable":true,"href":"https:\/\/whysoseriousstore.com\/eng\/wp-json\/wp\/v2\/product_cat?post=27942"},{"taxonomy":"product_tag","embeddable":true,"href":"https:\/\/whysoseriousstore.com\/eng\/wp-json\/wp\/v2\/product_tag?post=27942"}],"curies":[{"name":"wp","href":"https:\/\/api.w.org\/{rel}","templated":true}]}}