{"id":28050,"date":"2026-04-22T18:59:15","date_gmt":"2026-04-22T16:59:15","guid":{"rendered":"https:\/\/whysoseriousstore.com\/?post_type=product&#038;p=28050"},"modified":"2026-04-22T18:59:15","modified_gmt":"2026-04-22T16:59:15","slug":"bluza-coffee-blekitna","status":"publish","type":"product","link":"https:\/\/whysoseriousstore.com\/eng\/bluza-coffee-blekitna\/","title":{"rendered":"Sweatshirt Coffee Blue"},"content":{"rendered":"<p><strong><span data-sheets-root=\"1\">Sweatshirt Coffee Blue<\/span> <\/strong>is the perfect combination of comfort and style, designed for anyone who appreciates a laid-back, casual look.  T<strong>about this favourite item<\/strong>that you will wear around the clock.<\/p>\n<p data-start=\"745\" data-end=\"986\">Made in Poland from soft cotton twill (no insulation), it guarantees durability and comfort that will not be missed even on the busiest of days. The delicate WHYSOSERIOUS label inside is a detail that underlines the quality and authenticity of the design.<\/p>\n<p>The unisex cotton sweatshirt is made from the highest quality materials to ensure durability and wearing comfort for years to come. We don't like to part with our favourite sweatshirts either - we know how to create products that will stay with you for a long time. Sustainable design and attention to detail make this not only a fashionable piece of clothing, but also an expression of your commitment to responsible fashion. <strong>Thanks for helping us produce quality stuff!\u00a0<\/strong><\/p>\n<p>The model in the photo wears size L and is 171 cm tall.<\/p>\n<p><strong>THE HIGHEST QUALITY, MADE IN POLAND.\u00a0<\/strong><\/p>\n<p><a href=\"https:\/\/whysoseriousstore.com\/eng\/tshirty-damskie\/\">See also our t-shirts!<\/a><br \/>\nVisit us at <a href=\"https:\/\/www.instagram.com\/wss.whysoserious\/\">instagram<\/a> i <a href=\"https:\/\/www.facebook.com\/WSS.whysoserious\">facebook<\/a>.<\/p>","protected":false},"excerpt":{"rendered":"<p>Bluza Coffee B\u0142\u0119kitna to idealne po\u0142\u0105czenie wygody i stylu, zaprojektowana z my\u015bl\u0105 o wszystkich, kt\u00f3rzy ceni\u0105 sobie luz, swobod\u0119.\u00a0 To ten ulubiony item, kt\u00f3ry b\u0119dziesz nosi\u0107 na okr\u0105g\u0142o. Wykonana w Polsce z mi\u0119kkiej bawe\u0142ny typu diagonal (bez ocieplenia), gwarantuje trwa\u0142o\u015b\u0107 i wygod\u0119, kt\u00f3rej nie zabraknie nawet podczas najbardziej intensywnych dni. Delikatna wszywka WHYSOSERIOUS wewn\u0105trz to [&hellip;]<\/p>\n","protected":false},"featured_media":28118,"template":"","meta":[],"product_brand":[],"product_cat":[111,108,127],"product_tag":[],"class_list":{"0":"post-28050","1":"product","2":"type-product","3":"status-publish","4":"has-post-thumbnail","6":"product_cat-bluzy-unisex","7":"product_cat-new","8":"product_cat-wszystko","10":"first","11":"instock","12":"taxable","13":"shipping-taxable","14":"purchasable","15":"product-type-variable","16":"has-default-attributes"},"bundled_by":[],"bundle_stock_status":"instock","bundle_stock_quantity":null,"bundle_virtual":false,"bundle_layout":"","bundle_add_to_cart_form_location":"","bundle_editable_in_cart":false,"bundle_sold_individually_context":"","bundle_item_grouping":"","bundle_min_size":"","bundle_max_size":"","bundle_price":[],"bundled_items":[],"bundle_sell_ids":[],"yoast_head":"<!-- This site is optimized with the Yoast SEO Premium plugin v20.0 (Yoast SEO v26.5) - https:\/\/yoast.com\/wordpress\/plugins\/seo\/ -->\n<title>Bluza Coffee B\u0142\u0119kitna - WHYSOSERIOUS store<\/title>\n<meta name=\"description\" content=\"Granatowa bawe\u0142niana Bluza Formula 1 \u0142\u0105czy wysok\u0105 jako\u015b\u0107 wykonania i lu\u017any styl. Cool Girls watch Formula 1! Przygotuj si\u0119 na wy\u015bcig.\" \/>\n<meta name=\"robots\" content=\"index, follow, max-snippet:-1, max-image-preview:large, max-video-preview:-1\" \/>\n<link rel=\"canonical\" href=\"https:\/\/whysoseriousstore.com\/eng\/bluza-coffee-blekitna\/\" \/>\n<meta property=\"og:locale\" content=\"en_GB\" \/>\n<meta property=\"og:type\" content=\"article\" \/>\n<meta property=\"og:title\" content=\"Bluza Coffee B\u0142\u0119kitna\" \/>\n<meta property=\"og:description\" content=\"Granatowa bawe\u0142niana Bluza Formula 1 \u0142\u0105czy wysok\u0105 jako\u015b\u0107 wykonania i lu\u017any styl. Cool Girls watch Formula 1! Przygotuj si\u0119 na wy\u015bcig.\" \/>\n<meta property=\"og:url\" content=\"https:\/\/whysoseriousstore.com\/eng\/bluza-coffee-blekitna\/\" \/>\n<meta property=\"og:site_name\" content=\"WHYSOSERIOUS store\" \/>\n<meta property=\"og:image\" content=\"https:\/\/whysoseriousstore.com\/wp-content\/uploads\/2026\/04\/Bluza-Coffee1.jpg\" \/>\n\t<meta property=\"og:image:width\" content=\"1000\" \/>\n\t<meta property=\"og:image:height\" content=\"1500\" \/>\n\t<meta property=\"og:image:type\" content=\"image\/jpeg\" \/>\n<meta name=\"twitter:card\" content=\"summary_large_image\" \/>\n<meta name=\"twitter:label1\" content=\"Estimated reading time\" \/>\n\t<meta name=\"twitter:data1\" content=\"2 minutes\" \/>\n<script type=\"application\/ld+json\" class=\"yoast-schema-graph\">{\"@context\":\"https:\/\/schema.org\",\"@graph\":[{\"@type\":\"WebPage\",\"@id\":\"https:\/\/whysoseriousstore.com\/bluza-coffee-blekitna\/\",\"url\":\"https:\/\/whysoseriousstore.com\/bluza-coffee-blekitna\/\",\"name\":\"Bluza Coffee B\u0142\u0119kitna - WHYSOSERIOUS store\",\"isPartOf\":{\"@id\":\"https:\/\/whysoseriousstore.com\/#website\"},\"primaryImageOfPage\":{\"@id\":\"https:\/\/whysoseriousstore.com\/bluza-coffee-blekitna\/#primaryimage\"},\"image\":{\"@id\":\"https:\/\/whysoseriousstore.com\/bluza-coffee-blekitna\/#primaryimage\"},\"thumbnailUrl\":\"https:\/\/whysoseriousstore.com\/wp-content\/uploads\/2026\/04\/Bluza-Coffee1.jpg\",\"datePublished\":\"2026-04-22T16:59:15+00:00\",\"description\":\"Granatowa bawe\u0142niana Bluza Formula 1 \u0142\u0105czy wysok\u0105 jako\u015b\u0107 wykonania i lu\u017any styl. Cool Girls watch Formula 1! Przygotuj si\u0119 na wy\u015bcig.\",\"breadcrumb\":{\"@id\":\"https:\/\/whysoseriousstore.com\/bluza-coffee-blekitna\/#breadcrumb\"},\"inLanguage\":\"en-GB\",\"potentialAction\":[{\"@type\":\"ReadAction\",\"target\":[\"https:\/\/whysoseriousstore.com\/bluza-coffee-blekitna\/\"]}]},{\"@type\":\"ImageObject\",\"inLanguage\":\"en-GB\",\"@id\":\"https:\/\/whysoseriousstore.com\/bluza-coffee-blekitna\/#primaryimage\",\"url\":\"https:\/\/whysoseriousstore.com\/wp-content\/uploads\/2026\/04\/Bluza-Coffee1.jpg\",\"contentUrl\":\"https:\/\/whysoseriousstore.com\/wp-content\/uploads\/2026\/04\/Bluza-Coffee1.jpg\",\"width\":1000,\"height\":1500},{\"@type\":\"BreadcrumbList\",\"@id\":\"https:\/\/whysoseriousstore.com\/bluza-coffee-blekitna\/#breadcrumb\",\"itemListElement\":[{\"@type\":\"ListItem\",\"position\":1,\"name\":\"Strona g\u0142\u00f3wna\",\"item\":\"https:\/\/whysoseriousstore.com\/\"},{\"@type\":\"ListItem\",\"position\":2,\"name\":\"Sklep\",\"item\":\"https:\/\/whysoseriousstore.com\/sklep\/\"},{\"@type\":\"ListItem\",\"position\":3,\"name\":\"Bluza Coffee B\u0142\u0119kitna\"}]},{\"@type\":\"WebSite\",\"@id\":\"https:\/\/whysoseriousstore.com\/#website\",\"url\":\"https:\/\/whysoseriousstore.com\/\",\"name\":\"WHYSOSERIOUS store\",\"description\":\"\",\"potentialAction\":[{\"@type\":\"SearchAction\",\"target\":{\"@type\":\"EntryPoint\",\"urlTemplate\":\"https:\/\/whysoseriousstore.com\/?s={search_term_string}\"},\"query-input\":{\"@type\":\"PropertyValueSpecification\",\"valueRequired\":true,\"valueName\":\"search_term_string\"}}],\"inLanguage\":\"en-GB\"}]}<\/script>\n<!-- \/ Yoast SEO Premium plugin. -->","yoast_head_json":{"title":"Bluza Coffee B\u0142\u0119kitna - WHYSOSERIOUS store","description":"Granatowa bawe\u0142niana Bluza Formula 1 \u0142\u0105czy wysok\u0105 jako\u015b\u0107 wykonania i lu\u017any styl. Cool Girls watch Formula 1! Przygotuj si\u0119 na wy\u015bcig.","robots":{"index":"index","follow":"follow","max-snippet":"max-snippet:-1","max-image-preview":"max-image-preview:large","max-video-preview":"max-video-preview:-1"},"canonical":"https:\/\/whysoseriousstore.com\/eng\/bluza-coffee-blekitna\/","og_locale":"en_GB","og_type":"article","og_title":"Bluza Coffee B\u0142\u0119kitna","og_description":"Granatowa bawe\u0142niana Bluza Formula 1 \u0142\u0105czy wysok\u0105 jako\u015b\u0107 wykonania i lu\u017any styl. Cool Girls watch Formula 1! Przygotuj si\u0119 na wy\u015bcig.","og_url":"https:\/\/whysoseriousstore.com\/eng\/bluza-coffee-blekitna\/","og_site_name":"WHYSOSERIOUS store","og_image":[{"width":1000,"height":1500,"url":"https:\/\/whysoseriousstore.com\/wp-content\/uploads\/2026\/04\/Bluza-Coffee1.jpg","type":"image\/jpeg"}],"twitter_card":"summary_large_image","twitter_misc":{"Estimated reading time":"2 minutes"},"schema":{"@context":"https:\/\/schema.org","@graph":[{"@type":"WebPage","@id":"https:\/\/whysoseriousstore.com\/bluza-coffee-blekitna\/","url":"https:\/\/whysoseriousstore.com\/bluza-coffee-blekitna\/","name":"Bluza Coffee B\u0142\u0119kitna - WHYSOSERIOUS store","isPartOf":{"@id":"https:\/\/whysoseriousstore.com\/#website"},"primaryImageOfPage":{"@id":"https:\/\/whysoseriousstore.com\/bluza-coffee-blekitna\/#primaryimage"},"image":{"@id":"https:\/\/whysoseriousstore.com\/bluza-coffee-blekitna\/#primaryimage"},"thumbnailUrl":"https:\/\/whysoseriousstore.com\/wp-content\/uploads\/2026\/04\/Bluza-Coffee1.jpg","datePublished":"2026-04-22T16:59:15+00:00","description":"Granatowa bawe\u0142niana Bluza Formula 1 \u0142\u0105czy wysok\u0105 jako\u015b\u0107 wykonania i lu\u017any styl. Cool Girls watch Formula 1! Przygotuj si\u0119 na wy\u015bcig.","breadcrumb":{"@id":"https:\/\/whysoseriousstore.com\/bluza-coffee-blekitna\/#breadcrumb"},"inLanguage":"en-GB","potentialAction":[{"@type":"ReadAction","target":["https:\/\/whysoseriousstore.com\/bluza-coffee-blekitna\/"]}]},{"@type":"ImageObject","inLanguage":"en-GB","@id":"https:\/\/whysoseriousstore.com\/bluza-coffee-blekitna\/#primaryimage","url":"https:\/\/whysoseriousstore.com\/wp-content\/uploads\/2026\/04\/Bluza-Coffee1.jpg","contentUrl":"https:\/\/whysoseriousstore.com\/wp-content\/uploads\/2026\/04\/Bluza-Coffee1.jpg","width":1000,"height":1500},{"@type":"BreadcrumbList","@id":"https:\/\/whysoseriousstore.com\/bluza-coffee-blekitna\/#breadcrumb","itemListElement":[{"@type":"ListItem","position":1,"name":"Strona g\u0142\u00f3wna","item":"https:\/\/whysoseriousstore.com\/"},{"@type":"ListItem","position":2,"name":"Sklep","item":"https:\/\/whysoseriousstore.com\/sklep\/"},{"@type":"ListItem","position":3,"name":"Bluza Coffee B\u0142\u0119kitna"}]},{"@type":"WebSite","@id":"https:\/\/whysoseriousstore.com\/#website","url":"https:\/\/whysoseriousstore.com\/","name":"WHYSOSERIOUS store","description":"","potentialAction":[{"@type":"SearchAction","target":{"@type":"EntryPoint","urlTemplate":"https:\/\/whysoseriousstore.com\/?s={search_term_string}"},"query-input":{"@type":"PropertyValueSpecification","valueRequired":true,"valueName":"search_term_string"}}],"inLanguage":"en-GB"}]}},"_links":{"self":[{"href":"https:\/\/whysoseriousstore.com\/eng\/wp-json\/wp\/v2\/product\/28050","targetHints":{"allow":["GET"]}}],"collection":[{"href":"https:\/\/whysoseriousstore.com\/eng\/wp-json\/wp\/v2\/product"}],"about":[{"href":"https:\/\/whysoseriousstore.com\/eng\/wp-json\/wp\/v2\/types\/product"}],"wp:featuredmedia":[{"embeddable":true,"href":"https:\/\/whysoseriousstore.com\/eng\/wp-json\/wp\/v2\/media\/28118"}],"wp:attachment":[{"href":"https:\/\/whysoseriousstore.com\/eng\/wp-json\/wp\/v2\/media?parent=28050"}],"wp:term":[{"taxonomy":"product_brand","embeddable":true,"href":"https:\/\/whysoseriousstore.com\/eng\/wp-json\/wp\/v2\/product_brand?post=28050"},{"taxonomy":"product_cat","embeddable":true,"href":"https:\/\/whysoseriousstore.com\/eng\/wp-json\/wp\/v2\/product_cat?post=28050"},{"taxonomy":"product_tag","embeddable":true,"href":"https:\/\/whysoseriousstore.com\/eng\/wp-json\/wp\/v2\/product_tag?post=28050"}],"curies":[{"name":"wp","href":"https:\/\/api.w.org\/{rel}","templated":true}]}}