{"id":28067,"date":"2026-04-22T18:59:15","date_gmt":"2026-04-22T16:59:15","guid":{"rendered":"https:\/\/whysoseriousstore.com\/?post_type=product&#038;p=28067"},"modified":"2026-04-23T13:36:30","modified_gmt":"2026-04-23T11:36:30","slug":"sukienka-carla-mini-granatowa","status":"publish","type":"product","link":"https:\/\/whysoseriousstore.com\/eng\/sukienka-carla-mini-granatowa\/","title":{"rendered":"Open Back Carla Mini Dress Navy Blue"},"content":{"rendered":"<p><strong>Open Back Carla Mini Dress Navy Blue<\/strong> is the essence of modern femininity in an effortless chic edition. The minimalist front of the dress contrasts with the striking deep-cut back, which subtly reveals the back and draws the eye in. It's a model that impresses without being over-the-top, yet is comfortable and doesn't fall off the shoulders.<\/p>\n<p>The cut, which we worked on for months, has been created to make it comfortable to wear - the covered zipper on the side of the dress makes the whole construction adhere to the body, but leaves it free to move.<\/p>\n<p>Made from a premium natural fabric (55% cupro, 45% viscose), the dress is extremely soft, breathable and pleasing to the skin. The fabric sits beautifully on the silhouette, accentuating the figure and ensuring comfortable wear all day and night.<\/p>\n<p>The flared sleeves add lightness and character, creating a soft, flowing effect with every movement. The mini cut exposes the legs, while the fitted top and flared hem create a perfectly proportioned silhouette.<\/p>\n<p><strong>Why you will love it:<\/strong><br \/>\n- sensually exposed back (open back)<br \/>\n- natural, breathable material: cupro 55% + viscose 45%<br \/>\n- striking flared sleeves<br \/>\n- feminine silhouette-enhancing cut<br \/>\n- timeless navy blue<\/p>\n<p>Perfect for evenings out, dates, but also for summer outings and holiday trips.<\/p>\n<p><span style=\"font-weight: 400;\">Pair it with cowboy boots or moccasins and socks for an urban, effortless look.<\/span><\/p>\n<p>WHYSOSERIOUS label inside<\/p>\n<p>The model is 171 cm tall and wears a size S.<\/p>\n<p><strong>THE HIGHEST QUALITY, MADE IN POLAND.<\/strong><\/p>\n<p>Also check out our <a href=\"https:\/\/whysoseriousstore.com\/eng\/bestsellers\/\">bestsellers<\/a>!<br \/>\nVisit us at <a href=\"https:\/\/www.instagram.com\/wss.whysoserious\/\">instagram<\/a>!<\/p>","protected":false},"excerpt":{"rendered":"<p>Sukienka Open Back Carla Mini Granatowa to esencja nowoczesnej kobieco\u015bci w wydaniu effortless chic. Minimalistyczny prz\u00f3d sukienki kontrastuje z efektownym, g\u0142\u0119boko wyci\u0119tym ty\u0142em, kt\u00f3ry subtelnie ods\u0142ania plecy i przyci\u0105ga spojrzenia. To model, kt\u00f3ry robi wra\u017cenie bez zb\u0119dnych dodatk\u00f3w, a przy tym jest komfortowy i nie spada z ramion. Kr\u00f3j, nad kt\u00f3rym pracowa\u0142y\u015bmy wiele miesi\u0119cy, zosta\u0142 [&hellip;]<\/p>\n","protected":false},"featured_media":28095,"template":"","meta":[],"product_brand":[],"product_cat":[137,108,127],"product_tag":[],"class_list":{"0":"post-28067","1":"product","2":"type-product","3":"status-publish","4":"has-post-thumbnail","6":"product_cat-sukienki","7":"product_cat-new","8":"product_cat-wszystko","10":"first","11":"instock","12":"taxable","13":"shipping-taxable","14":"purchasable","15":"product-type-variable","16":"has-default-attributes"},"bundled_by":[],"bundle_stock_status":"instock","bundle_stock_quantity":null,"bundle_virtual":false,"bundle_layout":"","bundle_add_to_cart_form_location":"","bundle_editable_in_cart":false,"bundle_sold_individually_context":"","bundle_item_grouping":"","bundle_min_size":"","bundle_max_size":"","bundle_price":[],"bundled_items":[],"bundle_sell_ids":[],"yoast_head":"<!-- This site is optimized with the Yoast SEO Premium plugin v20.0 (Yoast SEO v26.5) - https:\/\/yoast.com\/wordpress\/plugins\/seo\/ -->\n<title>Sukienka mini granatowa z odkrytymi plecami - WHYSOSERIOUS store<\/title>\n<meta name=\"description\" content=\"Poczuj si\u0119 pi\u0119knie i komfortowo w sukience mini granatowej z odkrytymi plecami! Materia\u0142 premium. Odkryj sw\u00f3j wyj\u0105tkowy styl ju\u017c dzisiaj.\" \/>\n<meta name=\"robots\" content=\"index, follow, max-snippet:-1, max-image-preview:large, max-video-preview:-1\" \/>\n<link rel=\"canonical\" href=\"https:\/\/whysoseriousstore.com\/eng\/sukienka-carla-mini-granatowa\/\" \/>\n<meta property=\"og:locale\" content=\"en_GB\" \/>\n<meta property=\"og:type\" content=\"article\" \/>\n<meta property=\"og:title\" content=\"Sukienka Open Back Carla Mini Granatowa\" \/>\n<meta property=\"og:description\" content=\"Poczuj si\u0119 pi\u0119knie i komfortowo w sukience mini granatowej z odkrytymi plecami! Materia\u0142 premium. Odkryj sw\u00f3j wyj\u0105tkowy styl ju\u017c dzisiaj.\" \/>\n<meta property=\"og:url\" content=\"https:\/\/whysoseriousstore.com\/eng\/sukienka-carla-mini-granatowa\/\" \/>\n<meta property=\"og:site_name\" content=\"WHYSOSERIOUS store\" \/>\n<meta property=\"article:modified_time\" content=\"2026-04-23T11:36:30+00:00\" \/>\n<meta property=\"og:image\" content=\"https:\/\/whysoseriousstore.com\/wp-content\/uploads\/2026\/04\/Sukienka-mini-z-dlugim-rekawem-Cupro-Whysoserious-6-scaled.jpg\" \/>\n\t<meta property=\"og:image:width\" content=\"2075\" \/>\n\t<meta property=\"og:image:height\" content=\"2560\" \/>\n\t<meta property=\"og:image:type\" content=\"image\/jpeg\" \/>\n<meta name=\"twitter:card\" content=\"summary_large_image\" \/>\n<meta name=\"twitter:label1\" content=\"Estimated reading time\" \/>\n\t<meta name=\"twitter:data1\" content=\"2 minutes\" \/>\n<script type=\"application\/ld+json\" class=\"yoast-schema-graph\">{\"@context\":\"https:\/\/schema.org\",\"@graph\":[{\"@type\":\"WebPage\",\"@id\":\"https:\/\/whysoseriousstore.com\/sukienka-carla-mini-granatowa\/\",\"url\":\"https:\/\/whysoseriousstore.com\/sukienka-carla-mini-granatowa\/\",\"name\":\"Sukienka mini granatowa z odkrytymi plecami - WHYSOSERIOUS store\",\"isPartOf\":{\"@id\":\"https:\/\/whysoseriousstore.com\/#website\"},\"primaryImageOfPage\":{\"@id\":\"https:\/\/whysoseriousstore.com\/sukienka-carla-mini-granatowa\/#primaryimage\"},\"image\":{\"@id\":\"https:\/\/whysoseriousstore.com\/sukienka-carla-mini-granatowa\/#primaryimage\"},\"thumbnailUrl\":\"https:\/\/whysoseriousstore.com\/wp-content\/uploads\/2026\/04\/Sukienka-mini-z-dlugim-rekawem-Cupro-Whysoserious-6-scaled.jpg\",\"datePublished\":\"2026-04-22T16:59:15+00:00\",\"dateModified\":\"2026-04-23T11:36:30+00:00\",\"description\":\"Poczuj si\u0119 pi\u0119knie i komfortowo w sukience mini granatowej z odkrytymi plecami! Materia\u0142 premium. Odkryj sw\u00f3j wyj\u0105tkowy styl ju\u017c dzisiaj.\",\"breadcrumb\":{\"@id\":\"https:\/\/whysoseriousstore.com\/sukienka-carla-mini-granatowa\/#breadcrumb\"},\"inLanguage\":\"en-GB\",\"potentialAction\":[{\"@type\":\"ReadAction\",\"target\":[\"https:\/\/whysoseriousstore.com\/sukienka-carla-mini-granatowa\/\"]}]},{\"@type\":\"ImageObject\",\"inLanguage\":\"en-GB\",\"@id\":\"https:\/\/whysoseriousstore.com\/sukienka-carla-mini-granatowa\/#primaryimage\",\"url\":\"https:\/\/whysoseriousstore.com\/wp-content\/uploads\/2026\/04\/Sukienka-mini-z-dlugim-rekawem-Cupro-Whysoserious-6-scaled.jpg\",\"contentUrl\":\"https:\/\/whysoseriousstore.com\/wp-content\/uploads\/2026\/04\/Sukienka-mini-z-dlugim-rekawem-Cupro-Whysoserious-6-scaled.jpg\",\"width\":2075,\"height\":2560},{\"@type\":\"BreadcrumbList\",\"@id\":\"https:\/\/whysoseriousstore.com\/sukienka-carla-mini-granatowa\/#breadcrumb\",\"itemListElement\":[{\"@type\":\"ListItem\",\"position\":1,\"name\":\"Strona g\u0142\u00f3wna\",\"item\":\"https:\/\/whysoseriousstore.com\/\"},{\"@type\":\"ListItem\",\"position\":2,\"name\":\"Sklep\",\"item\":\"https:\/\/whysoseriousstore.com\/sklep\/\"},{\"@type\":\"ListItem\",\"position\":3,\"name\":\"Sukienka Open Back Carla Mini Granatowa\"}]},{\"@type\":\"WebSite\",\"@id\":\"https:\/\/whysoseriousstore.com\/#website\",\"url\":\"https:\/\/whysoseriousstore.com\/\",\"name\":\"WHYSOSERIOUS store\",\"description\":\"\",\"potentialAction\":[{\"@type\":\"SearchAction\",\"target\":{\"@type\":\"EntryPoint\",\"urlTemplate\":\"https:\/\/whysoseriousstore.com\/?s={search_term_string}\"},\"query-input\":{\"@type\":\"PropertyValueSpecification\",\"valueRequired\":true,\"valueName\":\"search_term_string\"}}],\"inLanguage\":\"en-GB\"}]}<\/script>\n<!-- \/ Yoast SEO Premium plugin. -->","yoast_head_json":{"title":"Sukienka mini granatowa z odkrytymi plecami - WHYSOSERIOUS store","description":"Poczuj si\u0119 pi\u0119knie i komfortowo w sukience mini granatowej z odkrytymi plecami! Materia\u0142 premium. Odkryj sw\u00f3j wyj\u0105tkowy styl ju\u017c dzisiaj.","robots":{"index":"index","follow":"follow","max-snippet":"max-snippet:-1","max-image-preview":"max-image-preview:large","max-video-preview":"max-video-preview:-1"},"canonical":"https:\/\/whysoseriousstore.com\/eng\/sukienka-carla-mini-granatowa\/","og_locale":"en_GB","og_type":"article","og_title":"Sukienka Open Back Carla Mini Granatowa","og_description":"Poczuj si\u0119 pi\u0119knie i komfortowo w sukience mini granatowej z odkrytymi plecami! Materia\u0142 premium. Odkryj sw\u00f3j wyj\u0105tkowy styl ju\u017c dzisiaj.","og_url":"https:\/\/whysoseriousstore.com\/eng\/sukienka-carla-mini-granatowa\/","og_site_name":"WHYSOSERIOUS store","article_modified_time":"2026-04-23T11:36:30+00:00","og_image":[{"width":2075,"height":2560,"url":"https:\/\/whysoseriousstore.com\/wp-content\/uploads\/2026\/04\/Sukienka-mini-z-dlugim-rekawem-Cupro-Whysoserious-6-scaled.jpg","type":"image\/jpeg"}],"twitter_card":"summary_large_image","twitter_misc":{"Estimated reading time":"2 minutes"},"schema":{"@context":"https:\/\/schema.org","@graph":[{"@type":"WebPage","@id":"https:\/\/whysoseriousstore.com\/sukienka-carla-mini-granatowa\/","url":"https:\/\/whysoseriousstore.com\/sukienka-carla-mini-granatowa\/","name":"Sukienka mini granatowa z odkrytymi plecami - WHYSOSERIOUS store","isPartOf":{"@id":"https:\/\/whysoseriousstore.com\/#website"},"primaryImageOfPage":{"@id":"https:\/\/whysoseriousstore.com\/sukienka-carla-mini-granatowa\/#primaryimage"},"image":{"@id":"https:\/\/whysoseriousstore.com\/sukienka-carla-mini-granatowa\/#primaryimage"},"thumbnailUrl":"https:\/\/whysoseriousstore.com\/wp-content\/uploads\/2026\/04\/Sukienka-mini-z-dlugim-rekawem-Cupro-Whysoserious-6-scaled.jpg","datePublished":"2026-04-22T16:59:15+00:00","dateModified":"2026-04-23T11:36:30+00:00","description":"Poczuj si\u0119 pi\u0119knie i komfortowo w sukience mini granatowej z odkrytymi plecami! Materia\u0142 premium. Odkryj sw\u00f3j wyj\u0105tkowy styl ju\u017c dzisiaj.","breadcrumb":{"@id":"https:\/\/whysoseriousstore.com\/sukienka-carla-mini-granatowa\/#breadcrumb"},"inLanguage":"en-GB","potentialAction":[{"@type":"ReadAction","target":["https:\/\/whysoseriousstore.com\/sukienka-carla-mini-granatowa\/"]}]},{"@type":"ImageObject","inLanguage":"en-GB","@id":"https:\/\/whysoseriousstore.com\/sukienka-carla-mini-granatowa\/#primaryimage","url":"https:\/\/whysoseriousstore.com\/wp-content\/uploads\/2026\/04\/Sukienka-mini-z-dlugim-rekawem-Cupro-Whysoserious-6-scaled.jpg","contentUrl":"https:\/\/whysoseriousstore.com\/wp-content\/uploads\/2026\/04\/Sukienka-mini-z-dlugim-rekawem-Cupro-Whysoserious-6-scaled.jpg","width":2075,"height":2560},{"@type":"BreadcrumbList","@id":"https:\/\/whysoseriousstore.com\/sukienka-carla-mini-granatowa\/#breadcrumb","itemListElement":[{"@type":"ListItem","position":1,"name":"Strona g\u0142\u00f3wna","item":"https:\/\/whysoseriousstore.com\/"},{"@type":"ListItem","position":2,"name":"Sklep","item":"https:\/\/whysoseriousstore.com\/sklep\/"},{"@type":"ListItem","position":3,"name":"Sukienka Open Back Carla Mini Granatowa"}]},{"@type":"WebSite","@id":"https:\/\/whysoseriousstore.com\/#website","url":"https:\/\/whysoseriousstore.com\/","name":"WHYSOSERIOUS store","description":"","potentialAction":[{"@type":"SearchAction","target":{"@type":"EntryPoint","urlTemplate":"https:\/\/whysoseriousstore.com\/?s={search_term_string}"},"query-input":{"@type":"PropertyValueSpecification","valueRequired":true,"valueName":"search_term_string"}}],"inLanguage":"en-GB"}]}},"_links":{"self":[{"href":"https:\/\/whysoseriousstore.com\/eng\/wp-json\/wp\/v2\/product\/28067","targetHints":{"allow":["GET"]}}],"collection":[{"href":"https:\/\/whysoseriousstore.com\/eng\/wp-json\/wp\/v2\/product"}],"about":[{"href":"https:\/\/whysoseriousstore.com\/eng\/wp-json\/wp\/v2\/types\/product"}],"wp:featuredmedia":[{"embeddable":true,"href":"https:\/\/whysoseriousstore.com\/eng\/wp-json\/wp\/v2\/media\/28095"}],"wp:attachment":[{"href":"https:\/\/whysoseriousstore.com\/eng\/wp-json\/wp\/v2\/media?parent=28067"}],"wp:term":[{"taxonomy":"product_brand","embeddable":true,"href":"https:\/\/whysoseriousstore.com\/eng\/wp-json\/wp\/v2\/product_brand?post=28067"},{"taxonomy":"product_cat","embeddable":true,"href":"https:\/\/whysoseriousstore.com\/eng\/wp-json\/wp\/v2\/product_cat?post=28067"},{"taxonomy":"product_tag","embeddable":true,"href":"https:\/\/whysoseriousstore.com\/eng\/wp-json\/wp\/v2\/product_tag?post=28067"}],"curies":[{"name":"wp","href":"https:\/\/api.w.org\/{rel}","templated":true}]}}