{"id":28098,"date":"2026-04-22T18:59:15","date_gmt":"2026-04-22T16:59:15","guid":{"rendered":"https:\/\/whysoseriousstore.com\/?post_type=product&#038;p=28098"},"modified":"2026-04-23T09:46:39","modified_gmt":"2026-04-23T07:46:39","slug":"longsleeve-bamboo-szary","status":"publish","type":"product","link":"https:\/\/whysoseriousstore.com\/eng\/longsleeve-bamboo-szary\/","title":{"rendered":"Longsleeve Bamboo Grey"},"content":{"rendered":"<div class=\"flex basis-auto flex-col -mb-(--composer-overlap-px) [--composer-overlap-px:55px] grow overflow-hidden\">\n<div class=\"relative h-full\">\n<div class=\"flex h-full flex-col overflow-y-auto [scrollbar-gutter:stable_both-edges] @[84rem]\/thread:pt-(--header-height)\">\n<div class=\"@thread-xl\/thread:pt-header-height flex flex-col text-sm pb-25\">\n<article class=\"text-token-text-primary w-full focus:outline-none scroll-mt-[calc(var(--header-height)+min(200px,max(70px,20svh)))]\" dir=\"auto\" tabindex=\"-1\" data-testid=\"conversation-turn-2\" data-scroll-anchor=\"true\" data-turn=\"assistant\">\n<div class=\"text-base my-auto mx-auto pb-10 [--thread-content-margin:--spacing(4)] @[37rem]:[--thread-content-margin:--spacing(6)] @[72rem]:[--thread-content-margin:--spacing(16)] px-(--thread-content-margin)\">\n<div class=\"[--thread-content-max-width:32rem] @[34rem]:[--thread-content-max-width:40rem] @[64rem]:[--thread-content-max-width:48rem] mx-auto max-w-(--thread-content-max-width) flex-1 group\/turn-messages focus-visible:outline-hidden relative flex w-full min-w-0 flex-col agent-turn\" tabindex=\"-1\">\n<div class=\"flex max-w-full flex-col grow\">\n<div class=\"min-h-8 text-message relative flex w-full flex-col items-end gap-2 text-start break-words whitespace-normal [.text-message+&amp;]:mt-5\" dir=\"auto\" data-message-author-role=\"assistant\" data-message-id=\"d31ba12a-889a-44cd-b789-be22a613198c\" data-message-model-slug=\"gpt-4o\">\n<div class=\"flex w-full flex-col gap-1 empty:hidden first:pt-[3px]\">\n<div class=\"markdown prose dark:prose-invert w-full break-words light\">\n<p><strong>Longsleeve Bamboo Szary<\/strong> to minimalistyczna baza garderoby w najlepszym wydaniu \u2013 dopasowany, ultra wygodny i zawsze na czasie. Prosty kr\u00f3j podkre\u015bla sylwetk\u0119, a g\u0142adka forma sprawia, \u017ce pasuje dos\u0142ownie do wszystkiego \u2013 od jeans\u00f3w po bardziej eleganckie stylizacje.<\/p>\n<p>Wykonany w 96% z naturalnego w\u0142\u00f3kna bambusowego, longsleeve jest wyj\u0105tkowo mi\u0119kki, oddychaj\u0105cy i przyjazny dla sk\u00f3ry. Materia\u0142 delikatnie otula cia\u0142o, zapewniaj\u0105c maksymalny komfort noszenia przez ca\u0142y dzie\u0144. Dzi\u0119ki swojej elastyczno\u015bci idealnie dopasowuje si\u0119 do sylwetki, podkre\u015blaj\u0105c jej kszta\u0142t bez uczucia ucisku.<\/p>\n<p>D\u0142ugi r\u0119kaw i klasyczny odcie\u0144 szaro\u015bci czyni\u0105 go ponadczasowym elementem kapsu\u0142owej garderoby \u2013 takim, do kt\u00f3rego wracasz bez zastanowienia.<\/p>\n<p><strong>Dlaczego go pokochasz?<\/strong><br \/>\n\u2013 naturalny materia\u0142: 96% bambus<br \/>\n\u2013 mi\u0119kki, oddychaj\u0105cy i przyjazny dla sk\u00f3ry<br \/>\n\u2013 elastyczny, idealnie dopasowuje si\u0119 do cia\u0142a<br \/>\n\u2013 minimalistyczny, dopasowany kr\u00f3j<br \/>\n\u2013 uniwersalny szary kolor<\/p>\n<p>Idealny na co dzie\u0144, do warstwowych stylizacji i jako baza pod wszystko \u2013 <strong>Longsleeve Bamboo Szary<\/strong> to definicja komfortu w stylu effortless.<\/p>\n<\/div>\n<\/div>\n<\/div>\n<\/div>\n<\/div>\n<\/div>\n<\/article>\n<\/div>\n<\/div>\n<\/div>\n<\/div>\n<p data-start=\"837\" data-end=\"932\">Modelka ma 171 cm wzrostu i nosi rozmiar XS\/S.<\/p>\n<p data-start=\"934\" data-end=\"974\"><strong data-start=\"934\" data-end=\"974\">THE HIGHEST QUALITY, MADE IN POLAND.<\/strong><\/p>\n<p><a href=\"https:\/\/whysoseriousstore.com\/tshirty-damskie\/\">Zobacz tak\u017ce nasze t-shirty!<\/a><br \/>\nOdwied\u017a nas na <a href=\"https:\/\/www.instagram.com\/wss.whysoserious\/\">instagramie<\/a> i <a href=\"https:\/\/www.facebook.com\/WSS.whysoserious\">facebooku<\/a>.<\/p>\n","protected":false},"excerpt":{"rendered":"<p>Longsleeve Bamboo Szary to minimalistyczna baza garderoby w najlepszym wydaniu \u2013 dopasowany, ultra wygodny i zawsze na czasie. Prosty kr\u00f3j podkre\u015bla sylwetk\u0119, a g\u0142adka forma sprawia, \u017ce pasuje dos\u0142ownie do wszystkiego \u2013 od jeans\u00f3w po bardziej eleganckie stylizacje. Wykonany w 96% z naturalnego w\u0142\u00f3kna bambusowego, longsleeve jest wyj\u0105tkowo mi\u0119kki, oddychaj\u0105cy i przyjazny dla sk\u00f3ry. Materia\u0142 [&hellip;]<\/p>\n","protected":false},"featured_media":28107,"template":"","meta":[],"product_brand":[],"product_cat":[164,110,108,107,127],"product_tag":[],"class_list":{"0":"post-28098","1":"product","2":"type-product","3":"status-publish","4":"has-post-thumbnail","6":"product_cat-longsleeve","7":"product_cat-tshirty-unisex","8":"product_cat-new","9":"product_cat-bestsellers","10":"product_cat-wszystko","12":"first","13":"instock","14":"taxable","15":"shipping-taxable","16":"purchasable","17":"product-type-variable","18":"has-default-attributes"},"bundled_by":[],"bundle_stock_status":"instock","bundle_stock_quantity":null,"bundle_virtual":false,"bundle_layout":"","bundle_add_to_cart_form_location":"","bundle_editable_in_cart":false,"bundle_sold_individually_context":"","bundle_item_grouping":"","bundle_min_size":"","bundle_max_size":"","bundle_price":[],"bundled_items":[],"bundle_sell_ids":[],"yoast_head":"<!-- This site is optimized with the Yoast SEO Premium plugin v20.0 (Yoast SEO v26.5) - https:\/\/yoast.com\/wordpress\/plugins\/seo\/ -->\n<title>Longsleeve Bamboo Szary - WHYSOSERIOUS store<\/title>\n<meta name=\"description\" content=\"Longsleeve Bamboo Szary to idealna baza twojej garderoby. Mi\u0119kki, naturalny materia\u0142 i ponadczasowy kr\u00f3j tworzy ka\u017cd\u0105 stylizacj\u0119.\" \/>\n<meta name=\"robots\" content=\"index, follow, max-snippet:-1, max-image-preview:large, max-video-preview:-1\" \/>\n<link rel=\"canonical\" href=\"https:\/\/whysoseriousstore.com\/eng\/longsleeve-bamboo-szary\/\" \/>\n<meta property=\"og:locale\" content=\"en_GB\" \/>\n<meta property=\"og:type\" content=\"article\" \/>\n<meta property=\"og:title\" content=\"Longsleeve Bamboo Szary\" \/>\n<meta property=\"og:description\" content=\"Longsleeve Bamboo Szary to idealna baza twojej garderoby. Mi\u0119kki, naturalny materia\u0142 i ponadczasowy kr\u00f3j tworzy ka\u017cd\u0105 stylizacj\u0119.\" \/>\n<meta property=\"og:url\" content=\"https:\/\/whysoseriousstore.com\/eng\/longsleeve-bamboo-szary\/\" \/>\n<meta property=\"og:site_name\" content=\"WHYSOSERIOUS store\" \/>\n<meta property=\"article:modified_time\" content=\"2026-04-23T07:46:39+00:00\" \/>\n<meta property=\"og:image\" content=\"https:\/\/whysoseriousstore.com\/wp-content\/uploads\/2026\/04\/Longsleeve-Szary-Bambus-Damski-Whysoserious.jpg\" \/>\n\t<meta property=\"og:image:width\" content=\"1000\" \/>\n\t<meta property=\"og:image:height\" content=\"1500\" \/>\n\t<meta property=\"og:image:type\" content=\"image\/jpeg\" \/>\n<meta name=\"twitter:card\" content=\"summary_large_image\" \/>\n<meta name=\"twitter:label1\" content=\"Estimated reading time\" \/>\n\t<meta name=\"twitter:data1\" content=\"2 minutes\" \/>\n<script type=\"application\/ld+json\" class=\"yoast-schema-graph\">{\"@context\":\"https:\/\/schema.org\",\"@graph\":[{\"@type\":\"WebPage\",\"@id\":\"https:\/\/whysoseriousstore.com\/longsleeve-bamboo-szary\/\",\"url\":\"https:\/\/whysoseriousstore.com\/longsleeve-bamboo-szary\/\",\"name\":\"Longsleeve Bamboo Szary - WHYSOSERIOUS store\",\"isPartOf\":{\"@id\":\"https:\/\/whysoseriousstore.com\/#website\"},\"primaryImageOfPage\":{\"@id\":\"https:\/\/whysoseriousstore.com\/longsleeve-bamboo-szary\/#primaryimage\"},\"image\":{\"@id\":\"https:\/\/whysoseriousstore.com\/longsleeve-bamboo-szary\/#primaryimage\"},\"thumbnailUrl\":\"https:\/\/whysoseriousstore.com\/wp-content\/uploads\/2026\/04\/Longsleeve-Szary-Bambus-Damski-Whysoserious.jpg\",\"datePublished\":\"2026-04-22T16:59:15+00:00\",\"dateModified\":\"2026-04-23T07:46:39+00:00\",\"description\":\"Longsleeve Bamboo Szary to idealna baza twojej garderoby. Mi\u0119kki, naturalny materia\u0142 i ponadczasowy kr\u00f3j tworzy ka\u017cd\u0105 stylizacj\u0119.\",\"breadcrumb\":{\"@id\":\"https:\/\/whysoseriousstore.com\/longsleeve-bamboo-szary\/#breadcrumb\"},\"inLanguage\":\"en-GB\",\"potentialAction\":[{\"@type\":\"ReadAction\",\"target\":[\"https:\/\/whysoseriousstore.com\/longsleeve-bamboo-szary\/\"]}]},{\"@type\":\"ImageObject\",\"inLanguage\":\"en-GB\",\"@id\":\"https:\/\/whysoseriousstore.com\/longsleeve-bamboo-szary\/#primaryimage\",\"url\":\"https:\/\/whysoseriousstore.com\/wp-content\/uploads\/2026\/04\/Longsleeve-Szary-Bambus-Damski-Whysoserious.jpg\",\"contentUrl\":\"https:\/\/whysoseriousstore.com\/wp-content\/uploads\/2026\/04\/Longsleeve-Szary-Bambus-Damski-Whysoserious.jpg\",\"width\":1000,\"height\":1500},{\"@type\":\"BreadcrumbList\",\"@id\":\"https:\/\/whysoseriousstore.com\/longsleeve-bamboo-szary\/#breadcrumb\",\"itemListElement\":[{\"@type\":\"ListItem\",\"position\":1,\"name\":\"Strona g\u0142\u00f3wna\",\"item\":\"https:\/\/whysoseriousstore.com\/\"},{\"@type\":\"ListItem\",\"position\":2,\"name\":\"Sklep\",\"item\":\"https:\/\/whysoseriousstore.com\/sklep\/\"},{\"@type\":\"ListItem\",\"position\":3,\"name\":\"Longsleeve Bamboo Szary\"}]},{\"@type\":\"WebSite\",\"@id\":\"https:\/\/whysoseriousstore.com\/#website\",\"url\":\"https:\/\/whysoseriousstore.com\/\",\"name\":\"WHYSOSERIOUS store\",\"description\":\"\",\"potentialAction\":[{\"@type\":\"SearchAction\",\"target\":{\"@type\":\"EntryPoint\",\"urlTemplate\":\"https:\/\/whysoseriousstore.com\/?s={search_term_string}\"},\"query-input\":{\"@type\":\"PropertyValueSpecification\",\"valueRequired\":true,\"valueName\":\"search_term_string\"}}],\"inLanguage\":\"en-GB\"}]}<\/script>\n<!-- \/ Yoast SEO Premium plugin. -->","yoast_head_json":{"title":"Longsleeve Bamboo Szary - WHYSOSERIOUS store","description":"Longsleeve Bamboo Szary to idealna baza twojej garderoby. Mi\u0119kki, naturalny materia\u0142 i ponadczasowy kr\u00f3j tworzy ka\u017cd\u0105 stylizacj\u0119.","robots":{"index":"index","follow":"follow","max-snippet":"max-snippet:-1","max-image-preview":"max-image-preview:large","max-video-preview":"max-video-preview:-1"},"canonical":"https:\/\/whysoseriousstore.com\/eng\/longsleeve-bamboo-szary\/","og_locale":"en_GB","og_type":"article","og_title":"Longsleeve Bamboo Szary","og_description":"Longsleeve Bamboo Szary to idealna baza twojej garderoby. Mi\u0119kki, naturalny materia\u0142 i ponadczasowy kr\u00f3j tworzy ka\u017cd\u0105 stylizacj\u0119.","og_url":"https:\/\/whysoseriousstore.com\/eng\/longsleeve-bamboo-szary\/","og_site_name":"WHYSOSERIOUS store","article_modified_time":"2026-04-23T07:46:39+00:00","og_image":[{"width":1000,"height":1500,"url":"https:\/\/whysoseriousstore.com\/wp-content\/uploads\/2026\/04\/Longsleeve-Szary-Bambus-Damski-Whysoserious.jpg","type":"image\/jpeg"}],"twitter_card":"summary_large_image","twitter_misc":{"Estimated reading time":"2 minutes"},"schema":{"@context":"https:\/\/schema.org","@graph":[{"@type":"WebPage","@id":"https:\/\/whysoseriousstore.com\/longsleeve-bamboo-szary\/","url":"https:\/\/whysoseriousstore.com\/longsleeve-bamboo-szary\/","name":"Longsleeve Bamboo Szary - WHYSOSERIOUS store","isPartOf":{"@id":"https:\/\/whysoseriousstore.com\/#website"},"primaryImageOfPage":{"@id":"https:\/\/whysoseriousstore.com\/longsleeve-bamboo-szary\/#primaryimage"},"image":{"@id":"https:\/\/whysoseriousstore.com\/longsleeve-bamboo-szary\/#primaryimage"},"thumbnailUrl":"https:\/\/whysoseriousstore.com\/wp-content\/uploads\/2026\/04\/Longsleeve-Szary-Bambus-Damski-Whysoserious.jpg","datePublished":"2026-04-22T16:59:15+00:00","dateModified":"2026-04-23T07:46:39+00:00","description":"Longsleeve Bamboo Szary to idealna baza twojej garderoby. Mi\u0119kki, naturalny materia\u0142 i ponadczasowy kr\u00f3j tworzy ka\u017cd\u0105 stylizacj\u0119.","breadcrumb":{"@id":"https:\/\/whysoseriousstore.com\/longsleeve-bamboo-szary\/#breadcrumb"},"inLanguage":"en-GB","potentialAction":[{"@type":"ReadAction","target":["https:\/\/whysoseriousstore.com\/longsleeve-bamboo-szary\/"]}]},{"@type":"ImageObject","inLanguage":"en-GB","@id":"https:\/\/whysoseriousstore.com\/longsleeve-bamboo-szary\/#primaryimage","url":"https:\/\/whysoseriousstore.com\/wp-content\/uploads\/2026\/04\/Longsleeve-Szary-Bambus-Damski-Whysoserious.jpg","contentUrl":"https:\/\/whysoseriousstore.com\/wp-content\/uploads\/2026\/04\/Longsleeve-Szary-Bambus-Damski-Whysoserious.jpg","width":1000,"height":1500},{"@type":"BreadcrumbList","@id":"https:\/\/whysoseriousstore.com\/longsleeve-bamboo-szary\/#breadcrumb","itemListElement":[{"@type":"ListItem","position":1,"name":"Strona g\u0142\u00f3wna","item":"https:\/\/whysoseriousstore.com\/"},{"@type":"ListItem","position":2,"name":"Sklep","item":"https:\/\/whysoseriousstore.com\/sklep\/"},{"@type":"ListItem","position":3,"name":"Longsleeve Bamboo Szary"}]},{"@type":"WebSite","@id":"https:\/\/whysoseriousstore.com\/#website","url":"https:\/\/whysoseriousstore.com\/","name":"WHYSOSERIOUS store","description":"","potentialAction":[{"@type":"SearchAction","target":{"@type":"EntryPoint","urlTemplate":"https:\/\/whysoseriousstore.com\/?s={search_term_string}"},"query-input":{"@type":"PropertyValueSpecification","valueRequired":true,"valueName":"search_term_string"}}],"inLanguage":"en-GB"}]}},"_links":{"self":[{"href":"https:\/\/whysoseriousstore.com\/eng\/wp-json\/wp\/v2\/product\/28098","targetHints":{"allow":["GET"]}}],"collection":[{"href":"https:\/\/whysoseriousstore.com\/eng\/wp-json\/wp\/v2\/product"}],"about":[{"href":"https:\/\/whysoseriousstore.com\/eng\/wp-json\/wp\/v2\/types\/product"}],"wp:featuredmedia":[{"embeddable":true,"href":"https:\/\/whysoseriousstore.com\/eng\/wp-json\/wp\/v2\/media\/28107"}],"wp:attachment":[{"href":"https:\/\/whysoseriousstore.com\/eng\/wp-json\/wp\/v2\/media?parent=28098"}],"wp:term":[{"taxonomy":"product_brand","embeddable":true,"href":"https:\/\/whysoseriousstore.com\/eng\/wp-json\/wp\/v2\/product_brand?post=28098"},{"taxonomy":"product_cat","embeddable":true,"href":"https:\/\/whysoseriousstore.com\/eng\/wp-json\/wp\/v2\/product_cat?post=28098"},{"taxonomy":"product_tag","embeddable":true,"href":"https:\/\/whysoseriousstore.com\/eng\/wp-json\/wp\/v2\/product_tag?post=28098"}],"curies":[{"name":"wp","href":"https:\/\/api.w.org\/{rel}","templated":true}]}}